{"id":2070,"date":"2023-05-14T22:16:49","date_gmt":"2023-05-14T22:16:49","guid":{"rendered":"https:\/\/campingsysma.fi\/?page_id=2070"},"modified":"2025-04-11T08:29:51","modified_gmt":"2025-04-11T08:29:51","slug":"maksu-toimitusehdot","status":"publish","type":"page","link":"https:\/\/campingsysma.fi\/en\/maksu-toimitusehdot\/","title":{"rendered":"Maksu- &#038; toimitusehdot"},"content":{"rendered":"<div data-elementor-type=\"wp-page\" data-elementor-id=\"2070\" class=\"elementor elementor-2070\" data-elementor-post-type=\"page\">\n\t\t\t\t\t\t<section class=\"elementor-section elementor-top-section elementor-element elementor-element-7281a65 elementor-section-height-min-height elementor-section-content-bottom elementor-section-items-bottom elementor-section-boxed elementor-section-height-default\" data-id=\"7281a65\" data-element_type=\"section\" data-e-type=\"section\" data-settings=\"{&quot;background_background&quot;:&quot;classic&quot;}\">\n\t\t\t\t\t\t\t<div class=\"elementor-background-overlay\"><\/div>\n\t\t\t\t\t\t\t<div class=\"elementor-container elementor-column-gap-no\">\n\t\t\t\t\t<div class=\"elementor-column elementor-col-100 elementor-top-column elementor-element elementor-element-25b5a46\" data-id=\"25b5a46\" data-element_type=\"column\" data-e-type=\"column\">\n\t\t\t<div class=\"elementor-widget-wrap elementor-element-populated\">\n\t\t\t\t\t\t<div class=\"elementor-element elementor-element-1809a1b elementor-widget elementor-widget-heading\" data-id=\"1809a1b\" data-element_type=\"widget\" data-e-type=\"widget\" data-widget_type=\"heading.default\">\n\t\t\t\t<div class=\"elementor-widget-container\">\n\t\t\t\t\t<h6 class=\"elementor-heading-title elementor-size-default\">Camping Sysm\u00e4<\/h6>\t\t\t\t<\/div>\n\t\t\t\t<\/div>\n\t\t\t\t<div class=\"elementor-element elementor-element-77643a9 elementor-widget elementor-widget-heading\" data-id=\"77643a9\" data-element_type=\"widget\" data-e-type=\"widget\" data-widget_type=\"heading.default\">\n\t\t\t\t<div class=\"elementor-widget-container\">\n\t\t\t\t\t<h1 class=\"elementor-heading-title elementor-size-default\">Maksu- ja toimitusehdot<\/h1>\t\t\t\t<\/div>\n\t\t\t\t<\/div>\n\t\t\t\t\t<\/div>\n\t\t<\/div>\n\t\t\t\t\t<\/div>\n\t\t<\/section>\n\t\t\t\t<section class=\"elementor-section elementor-top-section elementor-element elementor-element-648da58 elementor-section-boxed elementor-section-height-default elementor-section-height-default\" data-id=\"648da58\" data-element_type=\"section\" data-e-type=\"section\">\n\t\t\t\t\t\t<div class=\"elementor-container elementor-column-gap-default\">\n\t\t\t\t\t<div class=\"elementor-column elementor-col-100 elementor-top-column elementor-element elementor-element-137c8a4\" data-id=\"137c8a4\" data-element_type=\"column\" data-e-type=\"column\">\n\t\t\t<div class=\"elementor-widget-wrap elementor-element-populated\">\n\t\t\t\t\t\t<div class=\"elementor-element elementor-element-cefa835 elementor-widget elementor-widget-text-editor\" data-id=\"cefa835\" data-element_type=\"widget\" data-e-type=\"widget\" data-widget_type=\"text-editor.default\">\n\t\t\t\t<div class=\"elementor-widget-container\">\n\t\t\t\t\t\t\t\t\t<p class=\"p3\">Verkkokaupan toimitusehdot ovat voimassa 19.5.2022 alkaen.<\/p><p class=\"p3\">Tuotteiden hinnat sis\u00e4lt\u00e4v\u00e4t arvonlis\u00e4veron. Pid\u00e4t\u00e4mme oikeuden hintojen muutoksiin.<\/p><p class=\"p4\"><b>Contacts<\/b><\/p><p class=\"p3\">Verkkokaupan tuotteita myy Camping Sysm\u00e4 Oy<\/p><p class=\"p3\">Camping Sysm\u00e4 Oy<\/p><p class=\"p3\">Y-tunnus: 3282136-4<\/p><p class=\"p3\">Osoite: Huitilantie 3, 19700 Sysm\u00e4, Suomi Finland<\/p><p class=\"p5\"><span class=\"s1\">Puhelin: <a href=\"tel:+358449749378\">+358 (0)44 9749 378<\/a><\/span><\/p><p class=\"p5\"><span class=\"s1\">S\u00e4hk\u00f6posti: <a href=\"mailto:info@campingsysma.fi\">info@campingsysma.fi<\/a><\/span><\/p><p class=\"p4\"><b>Tilaaminen<\/b><\/p><p class=\"p3\">Tuotteet tilataan p\u00e4\u00e4s\u00e4\u00e4nt\u00f6isesti internetin v\u00e4lityksell\u00e4 ostoskorin kautta. Kaikki tilaukset vahvistetaan s\u00e4hk\u00f6postilla, jossa ilmoitetaan tilauksen hinta sek\u00e4 tilatut palvelut. Tilausvahvistuksen saaminen edellytt\u00e4\u00e4 toimivan s\u00e4hk\u00f6postiosoitteen ilmoittamista tilauksen yhteydess\u00e4.<\/p><p class=\"p3\">Asiakas sitoutuu jokaisen tilauksen yhteydess\u00e4 voimassa oleviin maksu- ja toimitusehtoihin.<\/p><p class=\"p3\">Mik\u00e4li keskeyt\u00e4t tilauksen teon ja tilauksen status j\u00e4\u00e4 keskener\u00e4iseksi tai peruutetuksi eik\u00e4 maksua ole suoritettu, katsomme tilauksen peruutetuksi. Halutessasi tilata keskeytyneen tilauksen palvelut, tee kokonaan uusi tilaus.<\/p><p class=\"p4\"><b>Maksutavat<\/b><\/p><p class=\"p3\">Osteut palvelut maksetaan tilauksen yhteydess\u00e4.<\/p><p class=\"p4\"><b>Maksupalvelutarjoaja<\/b><\/p><p class=\"p3\">Maksunv\u00e4lityspalvelun toteuttajana ja maksupalveluntarjoajana toimii Paytrail Oyj (2122839-7) yhteisty\u00f6ss\u00e4 suomalaisten pankkien ja luottolaitosten kanssa. Paytrail Oyj n\u00e4kyy maksun saajana tiliotteella tai korttilaskulla ja v\u00e4litt\u00e4\u00e4 maksun kauppiaalle. Paytrail Oyj:ll\u00e4 on maksulaitoksen toimilupa. Reklamaatiotapauksissa pyyd\u00e4mme ottamaan ensisijaisesti yhteytt\u00e4 tuotteen toimittajaan.<\/p><p class=\"p3\">Paytrail Oyj<\/p><p class=\"p3\">y-tunnus: 2122839-7<\/p><p class=\"p3\">Innova 2, Lutakonaukio 7<span class=\"Apple-converted-space\">\u00a0<\/span><\/p><p class=\"p3\">40100 Jyv\u00e4skyl\u00e4<span class=\"Apple-converted-space\">\u00a0<\/span><\/p><p class=\"p5\"><a href=\"https:\/\/www.paytrail.com\/\" target=\"_blank\" rel=\"noopener\">www.paytrail.com<\/a><\/p><p class=\"p4\"><b>Vaihto- ja palautusehdot<\/b><\/p><p class=\"p3\">Tilaajalla on kuluttajasuojalain mukainen oikeus peruuttaa tilauksensa tai osa siit\u00e4 14 vuorokauden kuluessa tilausvahvistuksen vastaanottamisesta ilmoittamalla peruutuksesta s\u00e4hk\u00f6postitse osoitteeseen <a href=\"mailto:info@campingsysma.fi\"><span class=\"s2\">info@campingsysma.fi<\/span><\/a>. Verkkokauppaostokset voi peruuttaa ainoastaan ilmoittamalla siit\u00e4 meille erikseen. Peruuttamisoikeus raukeaa, mik\u00e4li palvelu on suoritettu kokonaisuudessaan ennen peruutuksen tekemist\u00e4.<\/p><p class=\"p3\">Palautamme rahat suoraan asiakkaan tilille 2-5 arkip\u00e4iv\u00e4n sis\u00e4ll\u00e4.<\/p><p class=\"p3\">Palveluilla ei ole 14 p\u00e4iv\u00e4n peruutusoikeuden lis\u00e4ksi varsinaista erillist\u00e4 palautus- tai vaihto-oikeutta.<\/p><p class=\"p3\">Otettuasi meihin yhteytt\u00e4, liit\u00e4 palautuksen mukaan seuraavat tiedot:<\/p><ul class=\"ul1\"><li class=\"li3\">Asiakasnumerosi, joka l\u00f6ytyy saamastasi tilausvahvistuss\u00e4hk\u00f6postista<\/li><li class=\"li3\">Nimesi, osoitteesi ja puhelinnumerosi<\/li><li class=\"li3\">pankkitilinumerosi, sek\u00e4<\/li><li class=\"li3\">kopio tilausvahvistuksesta.<\/li><\/ul><p class=\"p4\"><b>Muuta<\/b><\/p><p class=\"p3\">Pid\u00e4t\u00e4mme oikeuden muuttaa maksu- ja toimitusehtojamme. Asiakkaan on ennen tilaustaan tutustuttava kulloinkin voimassa oleviin maksu- ja toimitusehtoihin. K\u00e4sittelemme kaikki asiakastiedot t\u00e4ysin luottamuksellisesti.<\/p><p class=\"p3\">Jos kauppasopimusta koskevaa erimielisyytt\u00e4 ei saada ratkaistuksi osapuolten v\u00e4lisill\u00e4 neuvotteluilla, kuluttaja voi saattaa asian kuluttajariitalautakunnan (<a href=\"https:\/\/www.kuluttajariita.fi\/\" target=\"_blank\" rel=\"noopener\"><span class=\"s2\">www.kuluttajariita.fi<\/span><\/a>) ratkaistavaksi.<\/p>\t\t\t\t\t\t\t\t<\/div>\n\t\t\t\t<\/div>\n\t\t\t\t\t<\/div>\n\t\t<\/div>\n\t\t\t\t\t<\/div>\n\t\t<\/section>\n\t\t\t\t<\/div>","protected":false},"excerpt":{"rendered":"<p>Camping Sysm\u00e4 Maksu- ja toimitusehdot Verkkokaupan toimitusehdot ovat voimassa 19.5.2022 alkaen. Tuotteiden hinnat sis\u00e4lt\u00e4v\u00e4t arvonlis\u00e4veron. Pid\u00e4t\u00e4mme oikeuden hintojen muutoksiin. Yhteystiedot Verkkokaupan tuotteita myy Camping Sysm\u00e4 Oy Camping Sysm\u00e4 Oy Y-tunnus: 3282136-4 Osoite: Huitilantie 3, 19700 Sysm\u00e4, Suomi Finland Puhelin: +358 (0)44 9749 378 S\u00e4hk\u00f6posti: info@campingsysma.fi Tilaaminen Tuotteet tilataan p\u00e4\u00e4s\u00e4\u00e4nt\u00f6isesti internetin v\u00e4lityksell\u00e4 ostoskorin kautta. Kaikki tilaukset [&hellip;]<\/p>\n","protected":false},"author":1,"featured_media":0,"parent":0,"menu_order":0,"comment_status":"closed","ping_status":"closed","template":"","meta":{"site-sidebar-layout":"no-sidebar","site-content-layout":"page-builder","ast-site-content-layout":"default","site-content-style":"default","site-sidebar-style":"default","ast-global-header-display":"","ast-banner-title-visibility":"","ast-main-header-display":"","ast-hfb-above-header-display":"","ast-hfb-below-header-display":"","ast-hfb-mobile-header-display":"","site-post-title":"disabled","ast-breadcrumbs-content":"disabled","ast-featured-img":"disabled","footer-sml-layout":"","ast-disable-related-posts":"","theme-transparent-header-meta":"enabled","adv-header-id-meta":"","stick-header-meta":"","header-above-stick-meta":"","header-main-stick-meta":"","header-below-stick-meta":"","astra-migrate-meta-layouts":"default","ast-page-background-enabled":"default","ast-page-background-meta":{"desktop":{"background-color":"","background-image":"","background-repeat":"repeat","background-position":"center center","background-size":"auto","background-attachment":"scroll","background-type":"","background-media":"","overlay-type":"","overlay-color":"","overlay-opacity":"","overlay-gradient":""},"tablet":{"background-color":"","background-image":"","background-repeat":"repeat","background-position":"center center","background-size":"auto","background-attachment":"scroll","background-type":"","background-media":"","overlay-type":"","overlay-color":"","overlay-opacity":"","overlay-gradient":""},"mobile":{"background-color":"","background-image":"","background-repeat":"repeat","background-position":"center center","background-size":"auto","background-attachment":"scroll","background-type":"","background-media":"","overlay-type":"","overlay-color":"","overlay-opacity":"","overlay-gradient":""}},"ast-content-background-meta":{"desktop":{"background-color":"var(--ast-global-color-5)","background-image":"","background-repeat":"repeat","background-position":"center center","background-size":"auto","background-attachment":"scroll","background-type":"","background-media":"","overlay-type":"","overlay-color":"","overlay-opacity":"","overlay-gradient":""},"tablet":{"background-color":"var(--ast-global-color-5)","background-image":"","background-repeat":"repeat","background-position":"center center","background-size":"auto","background-attachment":"scroll","background-type":"","background-media":"","overlay-type":"","overlay-color":"","overlay-opacity":"","overlay-gradient":""},"mobile":{"background-color":"var(--ast-global-color-5)","background-image":"","background-repeat":"repeat","background-position":"center center","background-size":"auto","background-attachment":"scroll","background-type":"","background-media":"","overlay-type":"","overlay-color":"","overlay-opacity":"","overlay-gradient":""}},"footnotes":""},"class_list":["post-2070","page","type-page","status-publish","hentry"],"_links":{"self":[{"href":"https:\/\/campingsysma.fi\/en\/wp-json\/wp\/v2\/pages\/2070","targetHints":{"allow":["GET"]}}],"collection":[{"href":"https:\/\/campingsysma.fi\/en\/wp-json\/wp\/v2\/pages"}],"about":[{"href":"https:\/\/campingsysma.fi\/en\/wp-json\/wp\/v2\/types\/page"}],"author":[{"embeddable":true,"href":"https:\/\/campingsysma.fi\/en\/wp-json\/wp\/v2\/users\/1"}],"replies":[{"embeddable":true,"href":"https:\/\/campingsysma.fi\/en\/wp-json\/wp\/v2\/comments?post=2070"}],"version-history":[{"count":13,"href":"https:\/\/campingsysma.fi\/en\/wp-json\/wp\/v2\/pages\/2070\/revisions"}],"predecessor-version":[{"id":3366,"href":"https:\/\/campingsysma.fi\/en\/wp-json\/wp\/v2\/pages\/2070\/revisions\/3366"}],"wp:attachment":[{"href":"https:\/\/campingsysma.fi\/en\/wp-json\/wp\/v2\/media?parent=2070"}],"curies":[{"name":"wp","href":"https:\/\/api.w.org\/{rel}","templated":true}]}}