{"id":16,"date":"2020-07-14T10:36:50","date_gmt":"2020-07-14T10:36:50","guid":{"rendered":"https:\/\/campingsysma.fi\/index.php\/events\/"},"modified":"2026-04-26T07:25:35","modified_gmt":"2026-04-26T07:25:35","slug":"tapahtumat","status":"publish","type":"page","link":"https:\/\/campingsysma.fi\/en\/tapahtumat\/","title":{"rendered":"Events"},"content":{"rendered":"<div data-elementor-type=\"wp-page\" data-elementor-id=\"16\" class=\"elementor elementor-16\" data-elementor-post-type=\"page\">\n\t\t\t\t\t\t<section class=\"elementor-section elementor-top-section elementor-element elementor-element-81abf35 elementor-section-height-min-height elementor-section-boxed elementor-section-height-default elementor-section-items-middle\" data-id=\"81abf35\" data-element_type=\"section\" data-e-type=\"section\" data-settings=\"{&quot;background_background&quot;:&quot;classic&quot;}\">\n\t\t\t\t\t\t\t<div class=\"elementor-background-overlay\"><\/div>\n\t\t\t\t\t\t\t<div class=\"elementor-container elementor-column-gap-default\">\n\t\t\t\t\t<div class=\"elementor-column elementor-col-100 elementor-top-column elementor-element elementor-element-5f39420\" data-id=\"5f39420\" data-element_type=\"column\" data-e-type=\"column\" data-settings=\"{&quot;background_background&quot;:&quot;classic&quot;}\">\n\t\t\t<div class=\"elementor-widget-wrap elementor-element-populated\">\n\t\t\t\t\t<div class=\"elementor-background-overlay\"><\/div>\n\t\t\t\t\t\t<div class=\"elementor-element elementor-element-1cfb5f8 elementor-widget elementor-widget-heading\" data-id=\"1cfb5f8\" data-element_type=\"widget\" data-e-type=\"widget\" data-widget_type=\"heading.default\">\n\t\t\t\t<div class=\"elementor-widget-container\">\n\t\t\t\t\t<h6 class=\"elementor-heading-title elementor-size-default\">Camping Sysm\u00e4<\/h6>\t\t\t\t<\/div>\n\t\t\t\t<\/div>\n\t\t\t\t<div class=\"elementor-element elementor-element-ab886b6 elementor-widget elementor-widget-heading\" data-id=\"ab886b6\" data-element_type=\"widget\" data-e-type=\"widget\" data-widget_type=\"heading.default\">\n\t\t\t\t<div class=\"elementor-widget-container\">\n\t\t\t\t\t<h1 class=\"elementor-heading-title elementor-size-default\">Events<\/h1>\t\t\t\t<\/div>\n\t\t\t\t<\/div>\n\t\t\t\t<div class=\"elementor-element elementor-element-e0ba1eb elementor-align-center elementor-mobile-align-center elementor-widget elementor-widget-button\" data-id=\"e0ba1eb\" data-element_type=\"widget\" data-e-type=\"widget\" data-widget_type=\"button.default\">\n\t\t\t\t<div class=\"elementor-widget-container\">\n\t\t\t\t\t\t\t\t\t<div class=\"elementor-button-wrapper\">\n\t\t\t\t\t<a class=\"elementor-button elementor-button-link elementor-size-sm\" href=\"https:\/\/campingsysma.fi\/en\/ota-yhteytta\/\">\n\t\t\t\t\t\t<span class=\"elementor-button-content-wrapper\">\n\t\t\t\t\t\t\t\t\t<span class=\"elementor-button-text\">Contact us!<\/span>\n\t\t\t\t\t<\/span>\n\t\t\t\t\t<\/a>\n\t\t\t\t<\/div>\n\t\t\t\t\t\t\t\t<\/div>\n\t\t\t\t<\/div>\n\t\t\t\t\t<\/div>\n\t\t<\/div>\n\t\t\t\t\t<\/div>\n\t\t<\/section>\n\t\t\t\t<section class=\"elementor-section elementor-top-section elementor-element elementor-element-37d2a4f elementor-section-height-min-height elementor-section-content-middle elementor-hidden-desktop elementor-hidden-tablet elementor-hidden-mobile elementor-section-boxed elementor-section-height-default elementor-section-items-middle\" data-id=\"37d2a4f\" data-element_type=\"section\" data-e-type=\"section\" data-settings=\"{&quot;background_background&quot;:&quot;classic&quot;}\">\n\t\t\t\t\t\t\t<div class=\"elementor-background-overlay\"><\/div>\n\t\t\t\t\t\t\t<div class=\"elementor-container elementor-column-gap-no\">\n\t\t\t\t\t<div class=\"elementor-column elementor-col-100 elementor-top-column elementor-element elementor-element-559220c\" data-id=\"559220c\" data-element_type=\"column\" data-e-type=\"column\">\n\t\t\t<div class=\"elementor-widget-wrap elementor-element-populated\">\n\t\t\t\t\t\t<div class=\"elementor-element elementor-element-d1cb7b6 elementor-widget elementor-widget-heading\" data-id=\"d1cb7b6\" data-element_type=\"widget\" data-e-type=\"widget\" data-widget_type=\"heading.default\">\n\t\t\t\t<div class=\"elementor-widget-container\">\n\t\t\t\t\t<h6 class=\"elementor-heading-title elementor-size-default\">Camping Sysm\u00e4<\/h6>\t\t\t\t<\/div>\n\t\t\t\t<\/div>\n\t\t\t\t<div class=\"elementor-element elementor-element-78206bf elementor-widget elementor-widget-heading\" data-id=\"78206bf\" data-element_type=\"widget\" data-e-type=\"widget\" data-widget_type=\"heading.default\">\n\t\t\t\t<div class=\"elementor-widget-container\">\n\t\t\t\t\t<h1 class=\"elementor-heading-title elementor-size-default\">Events<\/h1>\t\t\t\t<\/div>\n\t\t\t\t<\/div>\n\t\t\t\t\t<\/div>\n\t\t<\/div>\n\t\t\t\t\t<\/div>\n\t\t<\/section>\n\t\t\t\t<section class=\"elementor-section elementor-top-section elementor-element elementor-element-b960439 elementor-section-boxed elementor-section-height-default elementor-section-height-default\" data-id=\"b960439\" data-element_type=\"section\" data-e-type=\"section\">\n\t\t\t\t\t\t<div class=\"elementor-container elementor-column-gap-default\">\n\t\t\t\t\t<div class=\"elementor-column elementor-col-100 elementor-top-column elementor-element elementor-element-bf2a3ea\" data-id=\"bf2a3ea\" data-element_type=\"column\" data-e-type=\"column\">\n\t\t\t<div class=\"elementor-widget-wrap elementor-element-populated\">\n\t\t\t\t\t\t<div class=\"elementor-element elementor-element-c13e101 elementor-widget__width-initial elementor-widget elementor-widget-text-editor\" data-id=\"c13e101\" data-element_type=\"widget\" data-e-type=\"widget\" data-widget_type=\"text-editor.default\">\n\t\t\t\t<div class=\"elementor-widget-container\">\n\t\t\t\t\t\t\t\t\t<p><strong>Meijerin<\/strong><b style=\"font-style: inherit; color: var(--ast-global-color-3); background-color: var(--ast-global-color-4);\"> Maitobaarin kes\u00e4ohjelma 2026<\/b><\/p>\n<p><b style=\"font-style: inherit; color: var(--ast-global-color-3); background-color: var(--ast-global-color-4);\">Esiintyj\u00e4t p\u00e4\u00e4s\u00e4\u00e4nt\u00f6isesti aloittavat&nbsp; klo 20 j\u00e4lkeen. Leirint\u00e4alueella hiljaisuus alkaa klo 23, joka tarkoittaa sit\u00e4, ett\u00e4 Maitobaari sulkeutuu t\u00e4ll\u00f6in, poislukien syksyn telttatapahtumat. Kylill\u00e4 jatkuu y\u00f6riennot \ud83d\ude42<\/b><\/p>\n<p><b style=\"font-style: inherit; color: var(--ast-global-color-3); background-color: var(--ast-global-color-4);\">Ohjelmisto t\u00e4ydentyy kev\u00e4\u00e4n aikana.<\/b><\/p>\n<p><b style=\"font-style: inherit; color: var(--ast-global-color-3); background-color: var(--ast-global-color-4);\">&nbsp;<\/b><\/p>\n<p><span style=\"text-decoration: underline;\"><strong>May<\/strong><\/span><\/p>\n<p>la 16.5. Saunabileet, lauteilla Petteri Tamminen<\/p>\n<p>pe 29.5. Canaria playa del Sysm\u00e4 turistibileet, lavalla<br>Leevi &amp; Leavings tribuutti<\/p>\n<p>la 30.5. Canaria playa del Sysm\u00e4 turistibileet, lavalla<br>J.Partynen Duo<\/p>\n<p><span style=\"text-decoration: underline;\"><strong><span style=\"font-style: inherit;\">June<\/span><\/strong><\/span><\/p>\n<p><span style=\"font-style: inherit; font-weight: inherit;\">la 6.6. Hulluin Lauantai markkinap\u00e4iv\u00e4, Keimo<\/span><\/p>\n<p>su 14.6. Meijerin pihalla oman mopon p\u00e4iv\u00e4, tuo oma<br>kulkupeli meid\u00e4n kaikkien n\u00e4ht\u00e4ville!<\/p>\n<p>to 18.6. juhannuksen etkot Vellerin tahtiin<\/p>\n<p>pe 19.6. Paratiisin varkaat<\/p>\n<p>la 20.6. Juhannusbuffet katettuna 12-15<\/p>\n<p>la 20.6. n klo 13 Juhannustanssit &#8221;kes\u00e4iset valssit ja tuliset tangot&#8221; Duo Karhos.&nbsp; Samaan aikaan ravintolassa on katettuna maistuva juhannusbuffet.<\/p><p>pe 26.6.&nbsp; Ihastuttava Rebecca M<\/p>\n<p><br><\/p>\n<p><span style=\"text-decoration: underline;\"><strong>July<\/strong><\/span><\/p>\n<p>pe 3.7. TriON, akustista soittoa pilke silm\u00e4kulmassa<\/p>\n<p>la 4.7. TriON Pig Band, covereita raskaammalla otteella<\/p>\n<p>a 18.7. P\u00e4iv\u00e4keikka! &nbsp;J.Partynen &amp; co -AfterSki<\/p>\n<p>pe 24.7.Uotinp\u00e4iv\u00e4t Jaromir Jokinen Band<\/p>\n<p>la 25.7. Uotinp\u00e4iv\u00e4t Vilen\u00b4S<\/p>\n<p>pe 31.7. -2.8. Mini club Flying Finns tapahtuma<br>leirint\u00e4alueella<\/p>\n<p>pe 31.7. Trubaduuri Tuomo Karppinen<\/p>\n<p><span style=\"text-decoration: underline;\"><strong>August<\/strong><\/span><\/p>\n<p>pe 7.8. Kivitaskut<\/p>\n<p>la 8.8. Suvijatsit! Kollikissat feat. Duo Karhos; keskiolutjazzia ja mustia laseja!<\/p>\n<p>la 29.8. Venetsialaisbileet Keimo ja Jore Marjaranta band<\/p>\n<p><strong><span style=\"text-decoration: underline;\">September<\/span><\/strong><\/p>\n<p>la 5.9. Possujuhlat, Velleri ja Sam Penna<\/p>\n<p>la 12.9. Suurkirppis, paikkavaraukset Mialta p. 0400858596<\/p>\n<p>pe 18.9. Karisto Brothers<\/p>\n<p>la 19.9. Octoberjuhlat, ruokaa, loistomusaa; Vilen\u00b4s ja Popeda<\/p>\t\t\t\t\t\t\t\t<\/div>\n\t\t\t\t<\/div>\n\t\t\t\t<div class=\"elementor-element elementor-element-d2bb1d3 elementor-widget elementor-widget-button\" data-id=\"d2bb1d3\" data-element_type=\"widget\" data-e-type=\"widget\" data-widget_type=\"button.default\">\n\t\t\t\t<div class=\"elementor-widget-container\">\n\t\t\t\t\t\t\t\t\t<div class=\"elementor-button-wrapper\">\n\t\t\t\t\t<a class=\"elementor-button elementor-button-link elementor-size-sm\" href=\"https:\/\/campingsysma.bookingonline.fi\/stable\/Tapahtumat?teema_id=2337&#038;kieli=FIN#\" target=\"_blank\" rel=\"noopener\">\n\t\t\t\t\t\t<span class=\"elementor-button-content-wrapper\">\n\t\t\t\t\t\t\t\t\t<span class=\"elementor-button-text\">Reserve your ticket here<\/span>\n\t\t\t\t\t<\/span>\n\t\t\t\t\t<\/a>\n\t\t\t\t<\/div>\n\t\t\t\t\t\t\t\t<\/div>\n\t\t\t\t<\/div>\n\t\t\t\t\t<\/div>\n\t\t<\/div>\n\t\t\t\t\t<\/div>\n\t\t<\/section>\n\t\t\t\t<section class=\"elementor-section elementor-top-section elementor-element elementor-element-2fd4fe3 elementor-section-boxed elementor-section-height-default elementor-section-height-default\" data-id=\"2fd4fe3\" data-element_type=\"section\" data-e-type=\"section\" data-settings=\"{&quot;background_background&quot;:&quot;classic&quot;}\">\n\t\t\t\t\t\t<div class=\"elementor-container elementor-column-gap-default\">\n\t\t\t\t\t<div class=\"elementor-column elementor-col-100 elementor-top-column elementor-element elementor-element-5cf47c7\" data-id=\"5cf47c7\" data-element_type=\"column\" data-e-type=\"column\">\n\t\t\t<div class=\"elementor-widget-wrap elementor-element-populated\">\n\t\t\t\t\t\t<div class=\"elementor-element elementor-element-e21c122 elementor-widget elementor-widget-gallery\" data-id=\"e21c122\" data-element_type=\"widget\" data-e-type=\"widget\" data-settings=\"{&quot;gallery_layout&quot;:&quot;masonry&quot;,&quot;columns&quot;:3,&quot;gap&quot;:{&quot;unit&quot;:&quot;px&quot;,&quot;size&quot;:4,&quot;sizes&quot;:[]},&quot;lazyload&quot;:&quot;yes&quot;,&quot;columns_tablet&quot;:2,&quot;columns_mobile&quot;:1,&quot;gap_tablet&quot;:{&quot;unit&quot;:&quot;px&quot;,&quot;size&quot;:10,&quot;sizes&quot;:[]},&quot;gap_mobile&quot;:{&quot;unit&quot;:&quot;px&quot;,&quot;size&quot;:10,&quot;sizes&quot;:[]},&quot;link_to&quot;:&quot;file&quot;,&quot;overlay_background&quot;:&quot;yes&quot;,&quot;content_hover_animation&quot;:&quot;fade-in&quot;}\" data-widget_type=\"gallery.default\">\n\t\t\t\t<div class=\"elementor-widget-container\">\n\t\t\t\t\t\t\t<div class=\"elementor-gallery__container\">\n\t\t\t\t\t\t\t<a class=\"e-gallery-item elementor-gallery-item elementor-animated-content\" href=\"https:\/\/campingsysma.fi\/wp-content\/uploads\/2024\/01\/IMG20230922175446-scaled.jpg\" data-elementor-open-lightbox=\"yes\" data-elementor-lightbox-slideshow=\"e21c122\" data-elementor-lightbox-title=\"IMG20230922175446\" data-e-action-hash=\"#elementor-action%3Aaction%3Dlightbox%26settings%3DeyJpZCI6MjUwNSwidXJsIjoiaHR0cHM6XC9cL2NhbXBpbmdzeXNtYS5maVwvd3AtY29udGVudFwvdXBsb2Fkc1wvMjAyNFwvMDFcL0lNRzIwMjMwOTIyMTc1NDQ2LXNjYWxlZC5qcGciLCJzbGlkZXNob3ciOiJlMjFjMTIyIn0%3D\">\n\t\t\t\t\t<div class=\"e-gallery-image elementor-gallery-item__image\" data-thumbnail=\"https:\/\/campingsysma.fi\/wp-content\/uploads\/2024\/01\/IMG20230922175446-scaled.jpg\" data-width=\"1920\" data-height=\"2560\" aria-label=\"\" role=\"img\" ><\/div>\n\t\t\t\t\t\t\t\t\t\t\t<div class=\"elementor-gallery-item__overlay\"><\/div>\n\t\t\t\t\t\t\t\t\t\t\t\t\t\t<\/a>\n\t\t\t\t\t\t\t<a class=\"e-gallery-item elementor-gallery-item elementor-animated-content\" href=\"https:\/\/campingsysma.fi\/wp-content\/uploads\/2024\/01\/IMG20230909190121-scaled.jpg\" data-elementor-open-lightbox=\"yes\" data-elementor-lightbox-slideshow=\"e21c122\" data-elementor-lightbox-title=\"IMG20230909190121\" data-e-action-hash=\"#elementor-action%3Aaction%3Dlightbox%26settings%3DeyJpZCI6MjUxMCwidXJsIjoiaHR0cHM6XC9cL2NhbXBpbmdzeXNtYS5maVwvd3AtY29udGVudFwvdXBsb2Fkc1wvMjAyNFwvMDFcL0lNRzIwMjMwOTA5MTkwMTIxLXNjYWxlZC5qcGciLCJzbGlkZXNob3ciOiJlMjFjMTIyIn0%3D\">\n\t\t\t\t\t<div class=\"e-gallery-image elementor-gallery-item__image\" data-thumbnail=\"https:\/\/campingsysma.fi\/wp-content\/uploads\/2024\/01\/IMG20230909190121-scaled.jpg\" data-width=\"1920\" data-height=\"2560\" aria-label=\"\" role=\"img\" ><\/div>\n\t\t\t\t\t\t\t\t\t\t\t<div class=\"elementor-gallery-item__overlay\"><\/div>\n\t\t\t\t\t\t\t\t\t\t\t\t\t\t<\/a>\n\t\t\t\t\t\t\t<a class=\"e-gallery-item elementor-gallery-item elementor-animated-content\" href=\"https:\/\/campingsysma.fi\/wp-content\/uploads\/2024\/01\/20220923_205557-scaled.jpg\" data-elementor-open-lightbox=\"yes\" data-elementor-lightbox-slideshow=\"e21c122\" data-elementor-lightbox-title=\"20220923_205557\" data-e-action-hash=\"#elementor-action%3Aaction%3Dlightbox%26settings%3DeyJpZCI6MjUwNywidXJsIjoiaHR0cHM6XC9cL2NhbXBpbmdzeXNtYS5maVwvd3AtY29udGVudFwvdXBsb2Fkc1wvMjAyNFwvMDFcLzIwMjIwOTIzXzIwNTU1Ny1zY2FsZWQuanBnIiwic2xpZGVzaG93IjoiZTIxYzEyMiJ9\">\n\t\t\t\t\t<div class=\"e-gallery-image elementor-gallery-item__image\" data-thumbnail=\"https:\/\/campingsysma.fi\/wp-content\/uploads\/2024\/01\/20220923_205557-scaled.jpg\" data-width=\"2560\" data-height=\"1920\" aria-label=\"\" role=\"img\" ><\/div>\n\t\t\t\t\t\t\t\t\t\t\t<div class=\"elementor-gallery-item__overlay\"><\/div>\n\t\t\t\t\t\t\t\t\t\t\t\t\t\t<\/a>\n\t\t\t\t\t\t\t<a class=\"e-gallery-item elementor-gallery-item elementor-animated-content\" href=\"https:\/\/campingsysma.fi\/wp-content\/uploads\/2024\/01\/20220910_130418-scaled.jpg\" data-elementor-open-lightbox=\"yes\" data-elementor-lightbox-slideshow=\"e21c122\" data-elementor-lightbox-title=\"20220910_130418\" data-e-action-hash=\"#elementor-action%3Aaction%3Dlightbox%26settings%3DeyJpZCI6MjUwNiwidXJsIjoiaHR0cHM6XC9cL2NhbXBpbmdzeXNtYS5maVwvd3AtY29udGVudFwvdXBsb2Fkc1wvMjAyNFwvMDFcLzIwMjIwOTEwXzEzMDQxOC1zY2FsZWQuanBnIiwic2xpZGVzaG93IjoiZTIxYzEyMiJ9\">\n\t\t\t\t\t<div class=\"e-gallery-image elementor-gallery-item__image\" data-thumbnail=\"https:\/\/campingsysma.fi\/wp-content\/uploads\/2024\/01\/20220910_130418-scaled.jpg\" data-width=\"2560\" data-height=\"1920\" aria-label=\"\" role=\"img\" ><\/div>\n\t\t\t\t\t\t\t\t\t\t\t<div class=\"elementor-gallery-item__overlay\"><\/div>\n\t\t\t\t\t\t\t\t\t\t\t\t\t\t<\/a>\n\t\t\t\t\t\t\t<a class=\"e-gallery-item elementor-gallery-item elementor-animated-content\" href=\"https:\/\/campingsysma.fi\/wp-content\/uploads\/2024\/01\/20220910_184859-scaled.jpg\" data-elementor-open-lightbox=\"yes\" data-elementor-lightbox-slideshow=\"e21c122\" data-elementor-lightbox-title=\"20220910_184859\" data-e-action-hash=\"#elementor-action%3Aaction%3Dlightbox%26settings%3DeyJpZCI6MjUwOSwidXJsIjoiaHR0cHM6XC9cL2NhbXBpbmdzeXNtYS5maVwvd3AtY29udGVudFwvdXBsb2Fkc1wvMjAyNFwvMDFcLzIwMjIwOTEwXzE4NDg1OS1zY2FsZWQuanBnIiwic2xpZGVzaG93IjoiZTIxYzEyMiJ9\">\n\t\t\t\t\t<div class=\"e-gallery-image elementor-gallery-item__image\" data-thumbnail=\"https:\/\/campingsysma.fi\/wp-content\/uploads\/2024\/01\/20220910_184859-scaled.jpg\" data-width=\"1920\" data-height=\"2560\" aria-label=\"\" role=\"img\" ><\/div>\n\t\t\t\t\t\t\t\t\t\t\t<div class=\"elementor-gallery-item__overlay\"><\/div>\n\t\t\t\t\t\t\t\t\t\t\t\t\t\t<\/a>\n\t\t\t\t\t\t\t<a class=\"e-gallery-item elementor-gallery-item elementor-animated-content\" href=\"https:\/\/campingsysma.fi\/wp-content\/uploads\/2024\/01\/IMG20230922230309-scaled.jpg\" data-elementor-open-lightbox=\"yes\" data-elementor-lightbox-slideshow=\"e21c122\" data-elementor-lightbox-title=\"IMG20230922230309\" data-e-action-hash=\"#elementor-action%3Aaction%3Dlightbox%26settings%3DeyJpZCI6MjUwOCwidXJsIjoiaHR0cHM6XC9cL2NhbXBpbmdzeXNtYS5maVwvd3AtY29udGVudFwvdXBsb2Fkc1wvMjAyNFwvMDFcL0lNRzIwMjMwOTIyMjMwMzA5LXNjYWxlZC5qcGciLCJzbGlkZXNob3ciOiJlMjFjMTIyIn0%3D\">\n\t\t\t\t\t<div class=\"e-gallery-image elementor-gallery-item__image\" data-thumbnail=\"https:\/\/campingsysma.fi\/wp-content\/uploads\/2024\/01\/IMG20230922230309-scaled.jpg\" data-width=\"1920\" data-height=\"2560\" aria-label=\"\" role=\"img\" ><\/div>\n\t\t\t\t\t\t\t\t\t\t\t<div class=\"elementor-gallery-item__overlay\"><\/div>\n\t\t\t\t\t\t\t\t\t\t\t\t\t\t<\/a>\n\t\t\t\t\t<\/div>\n\t\t\t\t\t<\/div>\n\t\t\t\t<\/div>\n\t\t\t\t\t<\/div>\n\t\t<\/div>\n\t\t\t\t\t<\/div>\n\t\t<\/section>\n\t\t\t\t<\/div>","protected":false},"excerpt":{"rendered":"<p>Camping Sysm\u00e4 Tapahtumat Ota yhteytt\u00e4! Camping Sysm\u00e4 Tapahtumat Meijerin Maitobaarin kes\u00e4ohjelma 2026 Esiintyj\u00e4t p\u00e4\u00e4s\u00e4\u00e4nt\u00f6isesti aloittavat&nbsp; klo 20 j\u00e4lkeen. Leirint\u00e4alueella hiljaisuus alkaa klo 23, joka tarkoittaa sit\u00e4, ett\u00e4 Maitobaari sulkeutuu t\u00e4ll\u00f6in, poislukien syksyn telttatapahtumat. Kylill\u00e4 jatkuu y\u00f6riennot \ud83d\ude42 Ohjelmisto t\u00e4ydentyy kev\u00e4\u00e4n aikana. &nbsp; Toukokuu la 16.5. Saunabileet, lauteilla Petteri Tamminen pe 29.5. Canaria playa del Sysm\u00e4 [&hellip;]<\/p>\n","protected":false},"author":1,"featured_media":0,"parent":0,"menu_order":0,"comment_status":"closed","ping_status":"closed","template":"","meta":{"site-sidebar-layout":"no-sidebar","site-content-layout":"page-builder","ast-site-content-layout":"full-width-container","site-content-style":"unboxed","site-sidebar-style":"unboxed","ast-global-header-display":"","ast-banner-title-visibility":"","ast-main-header-display":"","ast-hfb-above-header-display":"","ast-hfb-below-header-display":"","ast-hfb-mobile-header-display":"","site-post-title":"disabled","ast-breadcrumbs-content":"disabled","ast-featured-img":"disabled","footer-sml-layout":"","ast-disable-related-posts":"","theme-transparent-header-meta":"enabled","adv-header-id-meta":"","stick-header-meta":"","header-above-stick-meta":"","header-main-stick-meta":"","header-below-stick-meta":"","astra-migrate-meta-layouts":"set","ast-page-background-enabled":"default","ast-page-background-meta":{"desktop":{"background-color":"","background-image":"","background-repeat":"repeat","background-position":"center center","background-size":"auto","background-attachment":"scroll","background-type":"","background-media":"","overlay-type":"","overlay-color":"","overlay-opacity":"","overlay-gradient":""},"tablet":{"background-color":"","background-image":"","background-repeat":"repeat","background-position":"center center","background-size":"auto","background-attachment":"scroll","background-type":"","background-media":"","overlay-type":"","overlay-color":"","overlay-opacity":"","overlay-gradient":""},"mobile":{"background-color":"","background-image":"","background-repeat":"repeat","background-position":"center center","background-size":"auto","background-attachment":"scroll","background-type":"","background-media":"","overlay-type":"","overlay-color":"","overlay-opacity":"","overlay-gradient":""}},"ast-content-background-meta":{"desktop":{"background-color":"var(--ast-global-color-5)","background-image":"","background-repeat":"repeat","background-position":"center center","background-size":"auto","background-attachment":"scroll","background-type":"","background-media":"","overlay-type":"","overlay-color":"","overlay-opacity":"","overlay-gradient":""},"tablet":{"background-color":"var(--ast-global-color-5)","background-image":"","background-repeat":"repeat","background-position":"center center","background-size":"auto","background-attachment":"scroll","background-type":"","background-media":"","overlay-type":"","overlay-color":"","overlay-opacity":"","overlay-gradient":""},"mobile":{"background-color":"var(--ast-global-color-5)","background-image":"","background-repeat":"repeat","background-position":"center center","background-size":"auto","background-attachment":"scroll","background-type":"","background-media":"","overlay-type":"","overlay-color":"","overlay-opacity":"","overlay-gradient":""}},"footnotes":""},"class_list":["post-16","page","type-page","status-publish","hentry"],"_links":{"self":[{"href":"https:\/\/campingsysma.fi\/en\/wp-json\/wp\/v2\/pages\/16","targetHints":{"allow":["GET"]}}],"collection":[{"href":"https:\/\/campingsysma.fi\/en\/wp-json\/wp\/v2\/pages"}],"about":[{"href":"https:\/\/campingsysma.fi\/en\/wp-json\/wp\/v2\/types\/page"}],"author":[{"embeddable":true,"href":"https:\/\/campingsysma.fi\/en\/wp-json\/wp\/v2\/users\/1"}],"replies":[{"embeddable":true,"href":"https:\/\/campingsysma.fi\/en\/wp-json\/wp\/v2\/comments?post=16"}],"version-history":[{"count":165,"href":"https:\/\/campingsysma.fi\/en\/wp-json\/wp\/v2\/pages\/16\/revisions"}],"predecessor-version":[{"id":3655,"href":"https:\/\/campingsysma.fi\/en\/wp-json\/wp\/v2\/pages\/16\/revisions\/3655"}],"wp:attachment":[{"href":"https:\/\/campingsysma.fi\/en\/wp-json\/wp\/v2\/media?parent=16"}],"curies":[{"name":"wp","href":"https:\/\/api.w.org\/{rel}","templated":true}]}}