{"id":14,"date":"2020-07-14T10:02:58","date_gmt":"2020-07-14T10:02:58","guid":{"rendered":"https:\/\/campingsysma.fi\/index.php\/what-we-do\/"},"modified":"2026-01-10T12:08:14","modified_gmt":"2026-01-10T12:08:14","slug":"majoitus-camping","status":"publish","type":"page","link":"https:\/\/campingsysma.fi\/en\/majoitus-camping\/","title":{"rendered":"Accommodation &amp; Camping"},"content":{"rendered":"<div data-elementor-type=\"wp-page\" data-elementor-id=\"14\" class=\"elementor elementor-14\" data-elementor-post-type=\"page\">\n\t\t\t\t\t\t<section class=\"elementor-section elementor-top-section elementor-element elementor-element-0bb967f elementor-section-height-min-height elementor-section-boxed elementor-section-height-default elementor-section-items-middle\" data-id=\"0bb967f\" data-element_type=\"section\" data-e-type=\"section\" data-settings=\"{&quot;background_background&quot;:&quot;classic&quot;}\">\n\t\t\t\t\t\t\t<div class=\"elementor-background-overlay\"><\/div>\n\t\t\t\t\t\t\t<div class=\"elementor-container elementor-column-gap-default\">\n\t\t\t\t\t<div class=\"elementor-column elementor-col-100 elementor-top-column elementor-element elementor-element-6e943df\" data-id=\"6e943df\" data-element_type=\"column\" data-e-type=\"column\" data-settings=\"{&quot;background_background&quot;:&quot;classic&quot;}\">\n\t\t\t<div class=\"elementor-widget-wrap elementor-element-populated\">\n\t\t\t\t\t<div class=\"elementor-background-overlay\"><\/div>\n\t\t\t\t\t\t<div class=\"elementor-element elementor-element-5331c12 elementor-widget elementor-widget-heading\" data-id=\"5331c12\" data-element_type=\"widget\" data-e-type=\"widget\" data-widget_type=\"heading.default\">\n\t\t\t\t<div class=\"elementor-widget-container\">\n\t\t\t\t\t<h6 class=\"elementor-heading-title elementor-size-default\">Camping Sysm\u00e4<\/h6>\t\t\t\t<\/div>\n\t\t\t\t<\/div>\n\t\t\t\t<div class=\"elementor-element elementor-element-81929ee elementor-widget elementor-widget-heading\" data-id=\"81929ee\" data-element_type=\"widget\" data-e-type=\"widget\" data-widget_type=\"heading.default\">\n\t\t\t\t<div class=\"elementor-widget-container\">\n\t\t\t\t\t<h1 class=\"elementor-heading-title elementor-size-default\">Majoitus &amp; Camping<\/h1>\t\t\t\t<\/div>\n\t\t\t\t<\/div>\n\t\t\t\t<div class=\"elementor-element elementor-element-728138f elementor-align-center elementor-mobile-align-center elementor-widget elementor-widget-button\" data-id=\"728138f\" data-element_type=\"widget\" data-e-type=\"widget\" data-widget_type=\"button.default\">\n\t\t\t\t<div class=\"elementor-widget-container\">\n\t\t\t\t\t\t\t\t\t<div class=\"elementor-button-wrapper\">\n\t\t\t\t\t<a class=\"elementor-button elementor-button-link elementor-size-sm\" href=\"https:\/\/campingsysma.fi\/en\/ota-yhteytta\/\">\n\t\t\t\t\t\t<span class=\"elementor-button-content-wrapper\">\n\t\t\t\t\t\t\t\t\t<span class=\"elementor-button-text\">Contact us!<\/span>\n\t\t\t\t\t<\/span>\n\t\t\t\t\t<\/a>\n\t\t\t\t<\/div>\n\t\t\t\t\t\t\t\t<\/div>\n\t\t\t\t<\/div>\n\t\t\t\t\t<\/div>\n\t\t<\/div>\n\t\t\t\t\t<\/div>\n\t\t<\/section>\n\t\t\t\t<section class=\"elementor-section elementor-top-section elementor-element elementor-element-ca714af elementor-section-height-min-height elementor-section-content-bottom elementor-hidden-desktop elementor-hidden-tablet elementor-hidden-mobile elementor-section-boxed elementor-section-height-default elementor-section-items-middle\" data-id=\"ca714af\" data-element_type=\"section\" data-e-type=\"section\" data-settings=\"{&quot;background_background&quot;:&quot;classic&quot;}\">\n\t\t\t\t\t\t\t<div class=\"elementor-background-overlay\"><\/div>\n\t\t\t\t\t\t\t<div class=\"elementor-container elementor-column-gap-no\">\n\t\t\t\t\t<div class=\"elementor-column elementor-col-100 elementor-top-column elementor-element elementor-element-2d2830d\" data-id=\"2d2830d\" data-element_type=\"column\" data-e-type=\"column\">\n\t\t\t<div class=\"elementor-widget-wrap elementor-element-populated\">\n\t\t\t\t\t\t<div class=\"elementor-element elementor-element-4538aff elementor-widget elementor-widget-heading\" data-id=\"4538aff\" data-element_type=\"widget\" data-e-type=\"widget\" data-widget_type=\"heading.default\">\n\t\t\t\t<div class=\"elementor-widget-container\">\n\t\t\t\t\t<h6 class=\"elementor-heading-title elementor-size-default\">Camping Sysm\u00e4<\/h6>\t\t\t\t<\/div>\n\t\t\t\t<\/div>\n\t\t\t\t<div class=\"elementor-element elementor-element-ece90bc elementor-widget elementor-widget-heading\" data-id=\"ece90bc\" data-element_type=\"widget\" data-e-type=\"widget\" data-widget_type=\"heading.default\">\n\t\t\t\t<div class=\"elementor-widget-container\">\n\t\t\t\t\t<h1 class=\"elementor-heading-title elementor-size-default\">Majoitus &amp; Camping<\/h1>\t\t\t\t<\/div>\n\t\t\t\t<\/div>\n\t\t\t\t\t<\/div>\n\t\t<\/div>\n\t\t\t\t\t<\/div>\n\t\t<\/section>\n\t\t\t\t<section class=\"elementor-section elementor-top-section elementor-element elementor-element-cf85c21 elementor-section-boxed elementor-section-height-default elementor-section-height-default\" data-id=\"cf85c21\" data-element_type=\"section\" data-e-type=\"section\">\n\t\t\t\t\t\t<div class=\"elementor-container elementor-column-gap-default\">\n\t\t\t\t\t<div class=\"elementor-column elementor-col-100 elementor-top-column elementor-element elementor-element-5bda810\" data-id=\"5bda810\" data-element_type=\"column\" data-e-type=\"column\">\n\t\t\t<div class=\"elementor-widget-wrap elementor-element-populated\">\n\t\t\t\t\t\t<div class=\"elementor-element elementor-element-9d51b1e elementor-widget elementor-widget-text-editor\" data-id=\"9d51b1e\" data-element_type=\"widget\" data-e-type=\"widget\" data-widget_type=\"text-editor.default\">\n\t\t\t\t<div class=\"elementor-widget-container\">\n\t\t\t\t\t\t\t\t\t<p>Tervetuloa Camping Sysm\u00e4\u00e4n! Tarjoamme monipuolisia majoituspalveluita upean luonnon ymp\u00e4r\u00f6im\u00e4n\u00e4. Olitpa sitten m\u00f6kkilomalle kaipaava tai seikkailuhenkinen telttailija, meill\u00e4 on sopiva vaihtoehto tarpeisiisi. Olipa valintasi m\u00f6kkimajoitus tai camping, Camping Sysm\u00e4ss\u00e4 odottaa unohtumaton loma luonnon rauhassa. Tule ja koe ainutlaatuinen yhdistelm\u00e4 luonnonkauneutta ja viihtyisyytt\u00e4.<\/p>\t\t\t\t\t\t\t\t<\/div>\n\t\t\t\t<\/div>\n\t\t\t\t\t<\/div>\n\t\t<\/div>\n\t\t\t\t\t<\/div>\n\t\t<\/section>\n\t\t\t\t<section class=\"elementor-section elementor-top-section elementor-element elementor-element-afa27be elementor-section-boxed elementor-section-height-default elementor-section-height-default\" data-id=\"afa27be\" data-element_type=\"section\" data-e-type=\"section\">\n\t\t\t\t\t\t<div class=\"elementor-container elementor-column-gap-default\">\n\t\t\t\t\t<div class=\"elementor-column elementor-col-100 elementor-top-column elementor-element elementor-element-940ada6\" data-id=\"940ada6\" data-element_type=\"column\" data-e-type=\"column\">\n\t\t\t<div class=\"elementor-widget-wrap elementor-element-populated\">\n\t\t\t\t\t\t<div class=\"elementor-element elementor-element-917de15 elementor-widget elementor-widget-heading\" data-id=\"917de15\" data-element_type=\"widget\" data-e-type=\"widget\" data-widget_type=\"heading.default\">\n\t\t\t\t<div class=\"elementor-widget-container\">\n\t\t\t\t\t<h2 class=\"elementor-heading-title elementor-size-default\">Accommodation Options<\/h2>\t\t\t\t<\/div>\n\t\t\t\t<\/div>\n\t\t\t\t<div class=\"elementor-element elementor-element-eaf05ac elementor-hidden-desktop elementor-hidden-tablet elementor-widget elementor-widget-image\" data-id=\"eaf05ac\" data-element_type=\"widget\" data-e-type=\"widget\" data-widget_type=\"image.default\">\n\t\t\t\t<div class=\"elementor-widget-container\">\n\t\t\t\t\t\t\t\t\t\t\t\t\t\t\t<img fetchpriority=\"high\" decoding=\"async\" width=\"1024\" height=\"683\" src=\"https:\/\/campingsysma.fi\/wp-content\/uploads\/2023\/05\/cs23-1024x683.jpg\" class=\"attachment-large size-large wp-image-2163\" alt=\"\" srcset=\"https:\/\/campingsysma.fi\/wp-content\/uploads\/2023\/05\/cs23-1024x683.jpg 1024w, https:\/\/campingsysma.fi\/wp-content\/uploads\/2023\/05\/cs23-300x200.jpg 300w, https:\/\/campingsysma.fi\/wp-content\/uploads\/2023\/05\/cs23-768x512.jpg 768w, https:\/\/campingsysma.fi\/wp-content\/uploads\/2023\/05\/cs23-1536x1024.jpg 1536w, https:\/\/campingsysma.fi\/wp-content\/uploads\/2023\/05\/cs23.jpg 1944w\" sizes=\"(max-width: 1024px) 100vw, 1024px\" \/>\t\t\t\t\t\t\t\t\t\t\t\t\t\t\t<\/div>\n\t\t\t\t<\/div>\n\t\t\t\t<section class=\"elementor-section elementor-inner-section elementor-element elementor-element-0bfe006 elementor-section-boxed elementor-section-height-default elementor-section-height-default\" data-id=\"0bfe006\" data-element_type=\"section\" data-e-type=\"section\">\n\t\t\t\t\t\t<div class=\"elementor-container elementor-column-gap-default\">\n\t\t\t\t\t<div class=\"elementor-column elementor-col-50 elementor-inner-column elementor-element elementor-element-e6c72c9\" data-id=\"e6c72c9\" data-element_type=\"column\" data-e-type=\"column\">\n\t\t\t<div class=\"elementor-widget-wrap elementor-element-populated\">\n\t\t\t\t\t\t<div class=\"elementor-element elementor-element-34c39fc elementor-widget elementor-widget-heading\" data-id=\"34c39fc\" data-element_type=\"widget\" data-e-type=\"widget\" data-widget_type=\"heading.default\">\n\t\t\t\t<div class=\"elementor-widget-container\">\n\t\t\t\t\t<h2 class=\"elementor-heading-title elementor-size-xl\">Cabin Accommodation<\/h2>\t\t\t\t<\/div>\n\t\t\t\t<\/div>\n\t\t\t\t<div class=\"elementor-element elementor-element-d16b0cf elementor-widget elementor-widget-text-editor\" data-id=\"d16b0cf\" data-element_type=\"widget\" data-e-type=\"widget\" data-widget_type=\"text-editor.default\">\n\t\t\t\t<div class=\"elementor-widget-container\">\n\t\t\t\t\t\t\t\t\t<p>Nauti tasokkaasta ja kodikkaasta m\u00f6kkimajoituksesta, joka tarjoaa mukavuutta ja rauhaa luonnon helmassa. M\u00f6kkimme sijaitsevat kauniilla alueella P\u00e4ij\u00e4nteen rannassa ja tarjoavat t\u00e4ydellisen tukikohdan rentoutumiseen. Oli mieless\u00e4si romanttinen viikonloppuloma tai perheloma, m\u00f6kkimajoitus Camping Sysm\u00e4ss\u00e4 luo viihtyis\u00e4n ymp\u00e4rist\u00f6n, jossa voit nauttia loman tunnelmasta.<\/p><p>Perinteisten leirim\u00f6kkien lis\u00e4ksi meille on rakentunut viime vuosien aikana monenlaisia pieni\u00e4 lomam\u00f6kkej\u00e4, joissa kaikissa on mm. keitti\u00f6t astioineen, wc\/suihkut, ilmal\u00e4mp\u00f6pumput sek\u00e4 osassa oma sauna.<\/p><p>During peak season, prices for camping cabins start from \u20ac59\/night, while holiday cottages start from \u20ac122\/night.<\/p>\t\t\t\t\t\t\t\t<\/div>\n\t\t\t\t<\/div>\n\t\t\t\t<div class=\"elementor-element elementor-element-3f2d63a elementor-mobile-align-center elementor-widget elementor-widget-button\" data-id=\"3f2d63a\" data-element_type=\"widget\" data-e-type=\"widget\" data-widget_type=\"button.default\">\n\t\t\t\t<div class=\"elementor-widget-container\">\n\t\t\t\t\t\t\t\t\t<div class=\"elementor-button-wrapper\">\n\t\t\t\t\t<a class=\"elementor-button elementor-button-link elementor-size-sm\" href=\"https:\/\/campingsysma.fi\/en\/mokkimajoitus\/\">\n\t\t\t\t\t\t<span class=\"elementor-button-content-wrapper\">\n\t\t\t\t\t\t\t\t\t<span class=\"elementor-button-text\">Explore and Book<\/span>\n\t\t\t\t\t<\/span>\n\t\t\t\t\t<\/a>\n\t\t\t\t<\/div>\n\t\t\t\t\t\t\t\t<\/div>\n\t\t\t\t<\/div>\n\t\t\t\t\t<\/div>\n\t\t<\/div>\n\t\t\t\t<div class=\"elementor-column elementor-col-50 elementor-inner-column elementor-element elementor-element-8c6cdd9\" data-id=\"8c6cdd9\" data-element_type=\"column\" data-e-type=\"column\">\n\t\t\t<div class=\"elementor-widget-wrap elementor-element-populated\">\n\t\t\t\t\t\t<div class=\"elementor-element elementor-element-048073d elementor-hidden-mobile elementor-widget elementor-widget-image\" data-id=\"048073d\" data-element_type=\"widget\" data-e-type=\"widget\" data-widget_type=\"image.default\">\n\t\t\t\t<div class=\"elementor-widget-container\">\n\t\t\t\t\t\t\t\t\t\t\t\t\t\t\t<img fetchpriority=\"high\" decoding=\"async\" width=\"1024\" height=\"683\" src=\"https:\/\/campingsysma.fi\/wp-content\/uploads\/2023\/05\/cs23-1024x683.jpg\" class=\"attachment-large size-large wp-image-2163\" alt=\"\" srcset=\"https:\/\/campingsysma.fi\/wp-content\/uploads\/2023\/05\/cs23-1024x683.jpg 1024w, https:\/\/campingsysma.fi\/wp-content\/uploads\/2023\/05\/cs23-300x200.jpg 300w, https:\/\/campingsysma.fi\/wp-content\/uploads\/2023\/05\/cs23-768x512.jpg 768w, https:\/\/campingsysma.fi\/wp-content\/uploads\/2023\/05\/cs23-1536x1024.jpg 1536w, https:\/\/campingsysma.fi\/wp-content\/uploads\/2023\/05\/cs23.jpg 1944w\" sizes=\"(max-width: 1024px) 100vw, 1024px\" \/>\t\t\t\t\t\t\t\t\t\t\t\t\t\t\t<\/div>\n\t\t\t\t<\/div>\n\t\t\t\t\t<\/div>\n\t\t<\/div>\n\t\t\t\t\t<\/div>\n\t\t<\/section>\n\t\t\t\t\t<\/div>\n\t\t<\/div>\n\t\t\t\t\t<\/div>\n\t\t<\/section>\n\t\t\t\t<section class=\"elementor-section elementor-top-section elementor-element elementor-element-6f9c971 elementor-section-boxed elementor-section-height-default elementor-section-height-default\" data-id=\"6f9c971\" data-element_type=\"section\" data-e-type=\"section\">\n\t\t\t\t\t\t<div class=\"elementor-container elementor-column-gap-default\">\n\t\t\t\t\t<div class=\"elementor-column elementor-col-50 elementor-top-column elementor-element elementor-element-97a13e0\" data-id=\"97a13e0\" data-element_type=\"column\" data-e-type=\"column\">\n\t\t\t<div class=\"elementor-widget-wrap elementor-element-populated\">\n\t\t\t\t\t\t<div class=\"elementor-element elementor-element-62c3311 elementor-hidden-desktop elementor-hidden-tablet elementor-widget elementor-widget-image\" data-id=\"62c3311\" data-element_type=\"widget\" data-e-type=\"widget\" data-widget_type=\"image.default\">\n\t\t\t\t<div class=\"elementor-widget-container\">\n\t\t\t\t\t\t\t\t\t\t\t\t\t\t\t<img decoding=\"async\" width=\"1024\" height=\"617\" src=\"https:\/\/campingsysma.fi\/wp-content\/uploads\/2023\/05\/cs-31-1024x617.jpg\" class=\"attachment-large size-large wp-image-2158\" alt=\"\" srcset=\"https:\/\/campingsysma.fi\/wp-content\/uploads\/2023\/05\/cs-31-1024x617.jpg 1024w, https:\/\/campingsysma.fi\/wp-content\/uploads\/2023\/05\/cs-31-300x181.jpg 300w, https:\/\/campingsysma.fi\/wp-content\/uploads\/2023\/05\/cs-31-768x463.jpg 768w, https:\/\/campingsysma.fi\/wp-content\/uploads\/2023\/05\/cs-31-1536x925.jpg 1536w, https:\/\/campingsysma.fi\/wp-content\/uploads\/2023\/05\/cs-31.jpg 1942w\" sizes=\"(max-width: 1024px) 100vw, 1024px\" \/>\t\t\t\t\t\t\t\t\t\t\t\t\t\t\t<\/div>\n\t\t\t\t<\/div>\n\t\t\t\t<div class=\"elementor-element elementor-element-3451c1b elementor-widget elementor-widget-heading\" data-id=\"3451c1b\" data-element_type=\"widget\" data-e-type=\"widget\" data-widget_type=\"heading.default\">\n\t\t\t\t<div class=\"elementor-widget-container\">\n\t\t\t\t\t<h2 class=\"elementor-heading-title elementor-size-xl\">Camping<\/h2>\t\t\t\t<\/div>\n\t\t\t\t<\/div>\n\t\t\t\t<div class=\"elementor-element elementor-element-4eb6e72 elementor-widget elementor-widget-text-editor\" data-id=\"4eb6e72\" data-element_type=\"widget\" data-e-type=\"widget\" data-widget_type=\"text-editor.default\">\n\t\t\t\t<div class=\"elementor-widget-container\">\n\t\t\t\t\t\t\t\t\t<p>Alueemme sijaitsee aivan P\u00e4ij\u00e4nteen rannalla, miltei keskell\u00e4 Sysm\u00e4n kaunista kirkonkyl\u00e4\u00e4. Meill\u00e4 voit itse valita karavaanipaikkasi hyvin hoidetulilta nurmialueilta.\u00a0 Olemme laajentaneet aluettamme vanhan osuusmeijerin alueelle ja kes\u00e4ksi 2024 valmistuivat uudet saniteetti- ja keitti\u00f6tilat karavaanareiden k\u00e4ytt\u00f6\u00f6n Meijerin Maitobaarin rakennukseen.\u00a0 Karavaanipaikat on varustettu uusilla s\u00e4hk\u00f6pistokkeilla (3 p\u00e4iset pistokkeet).\u00a0<\/p><p>The site also features a greywater disposal station.<\/p><p>\u00a0We also offer great spots for tent campers. During the peak season, the lakeside electric pitches are reserved for cars and caravans, but there are plenty of wooded areas, and you can choose your own tent site<\/p><p><span style=\"font-style: inherit; font-weight: inherit; background-color: var(--ast-global-color-4); color: var(--ast-global-color-3);\">Meill\u00e4 voit nauttia luonnonl\u00e4heisest\u00e4 tunnelmasta ja her\u00e4t\u00e4 upean j\u00e4rvimaiseman keskell\u00e4, kuitenkin keskell\u00e4 Sysm\u00e4n kaunista kirkonkyl\u00e4\u00e4. Camping Sysm\u00e4ss\u00e4 p\u00e4\u00e4set nauttimaan ulkoilusta, retkeilyst\u00e4, yhteis\u00f6llisyydest\u00e4 ja kyl\u00e4n vilin\u00e4st\u00e4 ja &#8211; palveluista.<\/span><\/p>\t\t\t\t\t\t\t\t<\/div>\n\t\t\t\t<\/div>\n\t\t\t\t<div class=\"elementor-element elementor-element-b541110 elementor-widget elementor-widget-toggle\" data-id=\"b541110\" data-element_type=\"widget\" data-e-type=\"widget\" data-widget_type=\"toggle.default\">\n\t\t\t\t<div class=\"elementor-widget-container\">\n\t\t\t\t\t\t\t<div class=\"elementor-toggle\">\n\t\t\t\t\t\t\t<div class=\"elementor-toggle-item\">\n\t\t\t\t\t<div id=\"elementor-tab-title-1901\" class=\"elementor-tab-title\" data-tab=\"1\" role=\"button\" aria-controls=\"elementor-tab-content-1901\" aria-expanded=\"false\">\n\t\t\t\t\t\t\t\t\t\t\t\t<span class=\"elementor-toggle-icon elementor-toggle-icon-left\" aria-hidden=\"true\">\n\t\t\t\t\t\t\t\t\t\t\t\t\t\t\t<span class=\"elementor-toggle-icon-closed\"><i class=\"fas fa-caret-right\"><\/i><\/span>\n\t\t\t\t\t\t\t\t<span class=\"elementor-toggle-icon-opened\"><i class=\"elementor-toggle-icon-opened fas fa-caret-up\"><\/i><\/span>\n\t\t\t\t\t\t\t\t\t\t\t\t\t<\/span>\n\t\t\t\t\t\t\t\t\t\t\t\t<a class=\"elementor-toggle-title\" tabindex=\"0\">Caravan prices<\/a>\n\t\t\t\t\t<\/div>\n\n\t\t\t\t\t<div id=\"elementor-tab-content-1901\" class=\"elementor-tab-content elementor-clearfix\" data-tab=\"1\" role=\"region\" aria-labelledby=\"elementor-tab-title-1901\"><p><span style=\"font-style: inherit; font-weight: inherit; background-color: var(--ast-global-color-4); color: var(--ast-global-color-3);\">Perusmaksu 21\u20ac\/vrk (caravankortilla -2\u20ac)<\/span><\/p>\n<p><span style=\"font-style: inherit; font-weight: inherit; background-color: var(--ast-global-color-4); color: var(--ast-global-color-3);\">Electricity: \u20ac7\/night<\/span><\/p>\n<p><span style=\"font-style: inherit; font-weight: inherit; background-color: var(--ast-global-color-4); color: var(--ast-global-color-3);\">Adult fee: \u20ac4\/night, children under 15: \u20ac1\/night<\/span><\/p><\/div>\n\t\t\t\t<\/div>\n\t\t\t\t\t\t\t<div class=\"elementor-toggle-item\">\n\t\t\t\t\t<div id=\"elementor-tab-title-1902\" class=\"elementor-tab-title\" data-tab=\"2\" role=\"button\" aria-controls=\"elementor-tab-content-1902\" aria-expanded=\"false\">\n\t\t\t\t\t\t\t\t\t\t\t\t<span class=\"elementor-toggle-icon elementor-toggle-icon-left\" aria-hidden=\"true\">\n\t\t\t\t\t\t\t\t\t\t\t\t\t\t\t<span class=\"elementor-toggle-icon-closed\"><i class=\"fas fa-caret-right\"><\/i><\/span>\n\t\t\t\t\t\t\t\t<span class=\"elementor-toggle-icon-opened\"><i class=\"elementor-toggle-icon-opened fas fa-caret-up\"><\/i><\/span>\n\t\t\t\t\t\t\t\t\t\t\t\t\t<\/span>\n\t\t\t\t\t\t\t\t\t\t\t\t<a class=\"elementor-toggle-title\" tabindex=\"0\">Tent fees<\/a>\n\t\t\t\t\t<\/div>\n\n\t\t\t\t\t<div id=\"elementor-tab-content-1902\" class=\"elementor-tab-content elementor-clearfix\" data-tab=\"2\" role=\"region\" aria-labelledby=\"elementor-tab-title-1902\"><p><span style=\"font-style: inherit; font-weight: inherit; background-color: var(--ast-global-color-4); color: var(--ast-global-color-3);\">Base fee: \u20ac16\/night\u00a0<\/span><\/p><p><span style=\"font-style: inherit; font-weight: inherit; background-color: var(--ast-global-color-4); color: var(--ast-global-color-3);\">Electricity: \u20ac7\/night<\/span><\/p><p><span style=\"font-style: inherit; font-weight: inherit; background-color: var(--ast-global-color-4); color: var(--ast-global-color-3);\">Adult fee: \u20ac4\/night, children under 15: Free<\/span><\/p><\/div>\n\t\t\t\t<\/div>\n\t\t\t\t\t\t\t\t<\/div>\n\t\t\t\t\t\t<\/div>\n\t\t\t\t<\/div>\n\t\t\t\t<div class=\"elementor-element elementor-element-b9ec789 elementor-mobile-align-center elementor-widget elementor-widget-button\" data-id=\"b9ec789\" data-element_type=\"widget\" data-e-type=\"widget\" data-widget_type=\"button.default\">\n\t\t\t\t<div class=\"elementor-widget-container\">\n\t\t\t\t\t\t\t\t\t<div class=\"elementor-button-wrapper\">\n\t\t\t\t\t<a class=\"elementor-button elementor-button-link elementor-size-sm\" href=\"https:\/\/campingsysma.fi\/en\/camping\/\">\n\t\t\t\t\t\t<span class=\"elementor-button-content-wrapper\">\n\t\t\t\t\t\t\t\t\t<span class=\"elementor-button-text\">Explore and Book<\/span>\n\t\t\t\t\t<\/span>\n\t\t\t\t\t<\/a>\n\t\t\t\t<\/div>\n\t\t\t\t\t\t\t\t<\/div>\n\t\t\t\t<\/div>\n\t\t\t\t\t<\/div>\n\t\t<\/div>\n\t\t\t\t<div class=\"elementor-column elementor-col-50 elementor-top-column elementor-element elementor-element-d3c5117\" data-id=\"d3c5117\" data-element_type=\"column\" data-e-type=\"column\">\n\t\t\t<div class=\"elementor-widget-wrap elementor-element-populated\">\n\t\t\t\t\t\t<div class=\"elementor-element elementor-element-ac4d665 elementor-hidden-mobile elementor-widget elementor-widget-image\" data-id=\"ac4d665\" data-element_type=\"widget\" data-e-type=\"widget\" data-widget_type=\"image.default\">\n\t\t\t\t<div class=\"elementor-widget-container\">\n\t\t\t\t\t\t\t\t\t\t\t\t\t\t\t<img decoding=\"async\" width=\"1024\" height=\"617\" src=\"https:\/\/campingsysma.fi\/wp-content\/uploads\/2023\/05\/cs-31-1024x617.jpg\" class=\"attachment-large size-large wp-image-2158\" alt=\"\" srcset=\"https:\/\/campingsysma.fi\/wp-content\/uploads\/2023\/05\/cs-31-1024x617.jpg 1024w, https:\/\/campingsysma.fi\/wp-content\/uploads\/2023\/05\/cs-31-300x181.jpg 300w, https:\/\/campingsysma.fi\/wp-content\/uploads\/2023\/05\/cs-31-768x463.jpg 768w, https:\/\/campingsysma.fi\/wp-content\/uploads\/2023\/05\/cs-31-1536x925.jpg 1536w, https:\/\/campingsysma.fi\/wp-content\/uploads\/2023\/05\/cs-31.jpg 1942w\" sizes=\"(max-width: 1024px) 100vw, 1024px\" \/>\t\t\t\t\t\t\t\t\t\t\t\t\t\t\t<\/div>\n\t\t\t\t<\/div>\n\t\t\t\t\t<\/div>\n\t\t<\/div>\n\t\t\t\t\t<\/div>\n\t\t<\/section>\n\t\t\t\t<\/div>","protected":false},"excerpt":{"rendered":"<p>Camping Sysm\u00e4 Majoitus &amp; Camping Ota yhteytt\u00e4! Camping Sysm\u00e4 Majoitus &amp; Camping Tervetuloa Camping Sysm\u00e4\u00e4n! Tarjoamme monipuolisia majoituspalveluita upean luonnon ymp\u00e4r\u00f6im\u00e4n\u00e4. Olitpa sitten m\u00f6kkilomalle kaipaava tai seikkailuhenkinen telttailija, meill\u00e4 on sopiva vaihtoehto tarpeisiisi. Olipa valintasi m\u00f6kkimajoitus tai camping, Camping Sysm\u00e4ss\u00e4 odottaa unohtumaton loma luonnon rauhassa. Tule ja koe ainutlaatuinen yhdistelm\u00e4 luonnonkauneutta ja viihtyisyytt\u00e4. Majoitusvaihtoehdot M\u00f6kkimajoitus [&hellip;]<\/p>\n","protected":false},"author":1,"featured_media":0,"parent":0,"menu_order":0,"comment_status":"closed","ping_status":"closed","template":"","meta":{"site-sidebar-layout":"no-sidebar","site-content-layout":"page-builder","ast-site-content-layout":"full-width-container","site-content-style":"unboxed","site-sidebar-style":"unboxed","ast-global-header-display":"","ast-banner-title-visibility":"","ast-main-header-display":"","ast-hfb-above-header-display":"","ast-hfb-below-header-display":"","ast-hfb-mobile-header-display":"","site-post-title":"disabled","ast-breadcrumbs-content":"disabled","ast-featured-img":"disabled","footer-sml-layout":"","ast-disable-related-posts":"","theme-transparent-header-meta":"enabled","adv-header-id-meta":"","stick-header-meta":"","header-above-stick-meta":"","header-main-stick-meta":"","header-below-stick-meta":"","astra-migrate-meta-layouts":"set","ast-page-background-enabled":"default","ast-page-background-meta":{"desktop":{"background-color":"","background-image":"","background-repeat":"repeat","background-position":"center center","background-size":"auto","background-attachment":"scroll","background-type":"","background-media":"","overlay-type":"","overlay-color":"","overlay-opacity":"","overlay-gradient":""},"tablet":{"background-color":"","background-image":"","background-repeat":"repeat","background-position":"center center","background-size":"auto","background-attachment":"scroll","background-type":"","background-media":"","overlay-type":"","overlay-color":"","overlay-opacity":"","overlay-gradient":""},"mobile":{"background-color":"","background-image":"","background-repeat":"repeat","background-position":"center center","background-size":"auto","background-attachment":"scroll","background-type":"","background-media":"","overlay-type":"","overlay-color":"","overlay-opacity":"","overlay-gradient":""}},"ast-content-background-meta":{"desktop":{"background-color":"var(--ast-global-color-5)","background-image":"","background-repeat":"repeat","background-position":"center center","background-size":"auto","background-attachment":"scroll","background-type":"","background-media":"","overlay-type":"","overlay-color":"","overlay-opacity":"","overlay-gradient":""},"tablet":{"background-color":"var(--ast-global-color-5)","background-image":"","background-repeat":"repeat","background-position":"center center","background-size":"auto","background-attachment":"scroll","background-type":"","background-media":"","overlay-type":"","overlay-color":"","overlay-opacity":"","overlay-gradient":""},"mobile":{"background-color":"var(--ast-global-color-5)","background-image":"","background-repeat":"repeat","background-position":"center center","background-size":"auto","background-attachment":"scroll","background-type":"","background-media":"","overlay-type":"","overlay-color":"","overlay-opacity":"","overlay-gradient":""}},"footnotes":""},"class_list":["post-14","page","type-page","status-publish","hentry"],"_links":{"self":[{"href":"https:\/\/campingsysma.fi\/en\/wp-json\/wp\/v2\/pages\/14","targetHints":{"allow":["GET"]}}],"collection":[{"href":"https:\/\/campingsysma.fi\/en\/wp-json\/wp\/v2\/pages"}],"about":[{"href":"https:\/\/campingsysma.fi\/en\/wp-json\/wp\/v2\/types\/page"}],"author":[{"embeddable":true,"href":"https:\/\/campingsysma.fi\/en\/wp-json\/wp\/v2\/users\/1"}],"replies":[{"embeddable":true,"href":"https:\/\/campingsysma.fi\/en\/wp-json\/wp\/v2\/comments?post=14"}],"version-history":[{"count":127,"href":"https:\/\/campingsysma.fi\/en\/wp-json\/wp\/v2\/pages\/14\/revisions"}],"predecessor-version":[{"id":3564,"href":"https:\/\/campingsysma.fi\/en\/wp-json\/wp\/v2\/pages\/14\/revisions\/3564"}],"wp:attachment":[{"href":"https:\/\/campingsysma.fi\/en\/wp-json\/wp\/v2\/media?parent=14"}],"curies":[{"name":"wp","href":"https:\/\/api.w.org\/{rel}","templated":true}]}}